{"id":1479,"date":"2010-10-04T14:52:36","date_gmt":"2010-10-04T12:52:36","guid":{"rendered":"http:\/\/www.dwc.knaw.nl\/?page_id=1479"},"modified":"2014-07-03T14:53:51","modified_gmt":"2014-07-03T12:53:51","slug":"diverse-online-publicaties","status":"publish","type":"page","link":"https:\/\/dwc.knaw.nl\/en\/toegangen\/diverse-online-publicaties\/","title":{"rendered":"Various publications"},"content":{"rendered":"<p><img class=\"alignnone  wp-image-672\" style=\"border: 1px solid black; margin-top: 3px; margin-bottom: 3px;\" title=\"bibl_sgravesande\" src=\"http:\/\/www.dwc.knaw.nl\/wp-content\/uploads\/2010\/06\/bibl_sgravesande.jpg\" alt=\"\" width=\"590\" \/> <strong><\/strong><\/p>\n\n<p>This page contains various digitized publications and sources covering the past five centuries. It is made up of:<\/p>\n\n<ul>\n<li>historical publications by predominantlyDutch scientists (both original publications and subsequently edited sources)<\/li>\n<li>monographs about the history of science in the Netherlands<\/li>\n<li>some other publications<\/li>\n<\/ul>\n\n<p>All these publications are downloadable as PDF files.<\/p>\n\n<p>We would like to encourage researchers to submit their own works relating to the history of science in the Netherlands. One might think of works that are no longer commercially available and whose copyright is held by the author; dissertations that won&#8217;t be worked into a commercial publication; articles whose copyright rests with the author and that are difficult to obtain in the Netherlands (e.g., <em>Acta Archaeologica Tanzaniana<\/em>). It is important, however, that it contains <em>original research<\/em>. All rights will remain with the author; the DWC only acts as a facilitator. We do ask our authors to agree to having their publication put online for<em> at least<\/em> three years. Should you only possess a paper copy of your work, we can take care of scanning and OCR.\u00a0Submissions can be offered through e-mail, at\u00a0<a href=\"mailto:dwc@huygens.knaw.nl\">dwc@huygens.knaw.nl<\/a>.<\/p>\n\n<p><strong>Historical publications, mainly by Dutch scientists<\/strong><\/p>\n\n<ul>\n<li>Beeckman, Isaac (Middelburg, 10 december 1588 \u2013 Dordrecht, 19 mei 1637):\n<ul>\n<li><a href=\"http:\/\/www.dwc.knaw.nl\/pub\/bronnen\/beekman1.pdf\"><em>Journal tenu par Isaac Beeckman de 1604 \u00e0 1634, publi\u00e9 avec une introduction et des notes par C. de Waard, Tome premier (1604-1619)<\/em><\/a><\/li>\n<li><a href=\"http:\/\/www.dwc.knaw.nl\/pub\/bronnen\/beekman2.pdf\"><em>Journal tenu par Isaac Beeckman de 1604 \u00e0 1634, publi\u00e9 avec une introduction et des notes par C. de Waard, Tome deuxi\u00e8me (1604-1619)<\/em><\/a><\/li>\n<\/ul>\n<ul>\n<li><a href=\"http:\/\/www.dwc.knaw.nl\/pub\/bronnen\/beekman3.pdf \"><em>Journal tenu par Isaac Beeckman de 1604 \u00e0 1634, publi\u00e9 avec une introduction\u00a0et des notes par C. de Waard, Tome troisi\u00e8me (1627-1634) (1635)<\/em><\/a><\/li>\n<\/ul>\n<ul>\n<li><a href=\"http:\/\/www.dwc.knaw.nl\/pub\/bronnen\/beekman4.pdf \"><em>Journal tenu par Isaac Beeckman de 1604 \u00e0 1634, publi\u00e9 avec une introduction\u00a0et des notes par C. de Waard, Tome quatri\u00e8me (suppl\u00e9ment)<\/em><\/a><\/li>\n<\/ul>\n<\/li>\n<li><a href=\"http:\/\/nl.wikipedia.org\/wiki\/Franciscus_Cornelis_Donders\" target=\"blank\">Donders, Franciscus Cornelis Donders (Tilburg, 27 mei 1818 &#8211; Utrecht, 24 maart 1889):<\/a>\n<ul>\n<li><a href=\"http:\/\/www.dwc.knaw.nl\/pub\/bronnen\/F.C._Donders-Blik_op_de_stofwisseling_van_het_epitellurische_leven_als_bron_der_eigene_warmte_van_planten_en_dieren.pdf\" target=\"blank\"><em>Blik op de stofwisseling van het epitellurische leven als bron der eigene warmte van planten en dieren<\/em><\/a> (1845)<\/li>\n<\/ul>\n<ul>\n<li><a href=\"http:\/\/www.dwc.knaw.nl\/pub\/bronnen\/F.C._Donders-Physiologie_des_Menschen.pdf\" target=\"blank\"><em>Physiologie des Menschen, edition Deutsche Orginalaufgabe, vom Verfasser revidirt und vervollst\u00e4ndigt und aus dem Holl\u00e4ndischen \u00fcbersetzt von Fr. Wilh. Theile, Erster Band die Ern\u00e4hrung. Zweite verbesserte Auflage<\/em><\/a> (1859)<\/li>\n<li><a href=\"http:\/\/www.dwc.knaw.nl\/pub\/bronnen\/F.C._Donders-De_physiologie_der_spraakklanken_in_het_bijzonder_van_die_der_Nederlandsche_taal.pdf\" target=\"blank\"><em>De physiologie der spraakklanken in het bijzonder van die der Nederlandsche taal <\/em><\/a>(1859)<\/li>\n<li><a href=\"http:\/\/www.dwc.knaw.nl\/pub\/bronnen\/Donders,_F.C.-Ametropie_en_hare_gevolgen.pdf\" target=\"blank\"><em>Ametropie en hare gevolgen<\/em><\/a><\/li>\n<li><a href=\"http:\/\/www.dwc.knaw.nl\/pub\/bronnen\/Donders,_F.C.-Astigmatisme_en_cilindrische_glazen.pdf\" target=\"blank\"><em>Astigmatisme en cilindrische glazen<\/em><\/a> (1862)<\/li>\n<li><a href=\"http:\/\/www.dwc.knaw.nl\/pub\/bronnen\/F.C._Donders-On_the_anomalies_of_accommodation_and_refraction_of_the_eye.pdf\" target=\"blank\"><em>On the anomalies of accommodation and refraction of the eye<\/em><\/a> (1864)<\/li>\n<li><a href=\"http:\/\/www.dwc.knaw.nl\/pub\/bronnen\/F.C._Donders-Mijn_open_brief_aan_de_leden_van_de_Tweede_Kamer_der_Staten-Generaal_betrekkelijk_de_wets-ontwerpen,_regelende_het_geneeskundig_staats-toezigt,_enz._tegen_de_aanvallers_verdedigd.pdf\" target=\"blank\"><em>Mijn open brief aan de leden van de Tweede Kamer der Staten-Generaal betrekkelijk de wets-ontwerpen, regelende het geneeskundig staats-toezigt, enz. tegen de aanvallers verdedigd <\/em><\/a>(1865)<\/li>\n<li><a href=\"http:\/\/www.dwc.knaw.nl\/pub\/bronnen\/Donders,_F.C.-Myopie_en_hare_behandeling.pdf\" target=\"blank\"><em>Myopie en hare behandeling<\/em><\/a> (1866)<\/li>\n<li><a href=\"http:\/\/www.dwc.knaw.nl\/pub\/bronnen\/F.C._Donders-Over_de_regeling_van_het_medisch_onderwijs_in_verband_met_die_van_het_hooger_onderwijs_in_het_algemeen.pdf\" target=\"blank\"><em>Over de regeling van het medisch onderwijs in verband met die van het hooger onderwijs in het algemeen<\/em><\/a> (1875)<\/li>\n<li><a href=\"http:\/\/www.dwc.knaw.nl\/pub\/bronnen\/F.C._Donders-Bedenkingen_op_het_wetsontwerp_regelende_de_voorwaarden_tot_verkrijging_der_bevoegdheid_van_arts,_tandmeester,_apotheker,_enz.pdf\" target=\"blank\"><em>Bedenkingen op het wetsontwerp regelende de voorwaarden tot verkrijging der bevoegdheid van arts, tandmeester, apotheker, enz<\/em><\/a>. (1878)<\/li>\n<li><a href=\"http:\/\/www.dwc.knaw.nl\/pub\/bronnen\/Donders,_F.C.-Congr\u00e8s_international_des_sciences_m\u00e9dicales_Amsterdam_1879.pdf\" target=\"blank\"><em>Congr\u00e8s international des sciences m\u00e9dicales Amsterdam, Discours d&#8217;ouverture <\/em><\/a>(1879)<\/li>\n<li><a href=\"http:\/\/www.dwc.knaw.nl\/pub\/bronnen\/F.C._Donders-Open_brief_aan_de_leden_van_de_Tweede_Kamer_der_Staten-Generaal_betrekkelijk_de_wets-ontwerpen,_regelende_het_geneeskundig_staats-toezigt,_enz.pdf\" target=\"blank\"><em>Open brief aan de leden van de Tweede Kamer der Staten-Generaal betrekkelijk de wets-ontwerpen, regelende het geneeskundig staats-toezigt, enz.<\/em><\/a> (z.j.)<\/li>\n<\/ul>\n<\/li>\n<li>Escury van Heinenoord,\u00a0Hendrik Collot d&#8217; [baron]<\/li>\n<ul>\n<li><a href=\"http:\/\/www.dwc.knaw.nl\/pub\/bronnen\/Heinenoord.pdf\"><em>Hollands roem in kunsten en wetenschappen<\/em>. <em>Zesde deel, eerste stuk, het tweede der wetenschappen<\/em>. Met register<\/a> (1835)<\/li>\n<\/ul>\n<li>&#8216;s Gravesande, Willem Jacob:\n<ul>\n<li><a href=\"http:\/\/www.dwc.knaw.nl\/pub\/bronnen\/Gravesande,_Willem_Jacob_'s-Physices_elementa_mathematica,_experimentis_confirmata._Sive_introductio_ad_philosophiam_Newtonianam_(tomus_primus,_tomus_secundus).pdf\" target=\"blank\"><em>Physices elementa mathematica, experimentis confirmata. Sive\u00a0introductio ad philosophiam Newtonianam (tomus primus, tomus secundus)<\/em><\/a> (1720)<\/li>\n<\/ul>\n<\/li>\n<li><a href=\"http:\/\/nl.wikipedia.org\/wiki\/Christiaan_Huygens\">Huygens, Christiaan<\/a>:\n<ul>\n<li><a href=\"http:\/\/www.staff.science.uu.nl\/~gent0113\/huygens\/huygens_ct_en.htm\" target=\"blank\"><em> Kosmotheoros <\/em><\/a> (1698, online edition)<\/li>\n<\/ul>\n<\/li>\n<li>Kernkamp, G.W.:\n<ul>\n<li><a href=\"http:\/\/www.dwc.knaw.nl\/pub\/bronnen\/Kernkamp.pdf\"><em>Acta et decreta senatus. Vroedschapsresoluti\u00ebn en andere bescheiden betreffende de Utrechtse Academie<\/em>, uitgegeven door Dr. G.W. Kernkamp. Deel 1 (1936), Deel 2 (1938) en Deel 3 (1940) in \u00e9\u00e9n bestand (1913 pagina&#8217;s, 55MB)<\/a><\/li>\n<\/ul>\n<\/li>\n<li>Klinkenberg, Dirk (1709-1799):\n<ul>\n<li><a href=\"http:\/\/www.dwc.knaw.nl\/pub\/bronnen\/klinkenberg_2011.pdf\"><em>Overzicht wetenschappelijke correspondentie [1742-1783] van Dirk Klinkenberg<\/em>, samenvattingen verzorgd door Huib Zuidervaart<\/a><\/li>\n<\/ul>\n<\/li>\n<li>Lorentz, Hendrik Antoon (Arnhem, 18 juli 1853 &#8211; Haarlem, 4 februari 1928) :\n<ul>\n<li><a href=\"http:\/\/www.dwc.knaw.nl\/pub\/bronnen\/H.A._Lorentz-Ergebnisse_und_Probleme_der_Elektronentheorie.pdf\" target=\"blank\"><em>Ergebnisse und Probleme der Elektronentheorie <\/em><\/a>(1905)<\/li>\n<li><em><a href=\"http:\/\/www.dwc.knaw.nl\/pub\/bronnen\/H.A._Lorentz-Leerboek_der_differentiaal-_en_integraalrekening_en_van_de_eerste_beginselen_der_analytische_meetkunde_met_het_oog_op_de_toepassingen_in_de_natuurwetenschap.pdf\" target=\"blank\">Leerboek der differentiaal- en integraalrekening en van de eerste beginselen der\u00a0analytische meetkunde met het oog op de toepassingen in de natuurwetenschap<\/a> <\/em>(1882)<\/li>\n<li><a href=\"http:\/\/www.dwc.knaw.nl\/pub\/bronnen\/H.A._Lorentz-Versuch_einer_theorie_der_electrischen_und_optischen_erscheinungen_bewegten_k\u00f5rpern.pdf\" target=\"blank\"><em>Versuch einer Theorie der electrischen und optischen Erscheinungen bewegten Koerpern<\/em><\/a> (1895)<\/li>\n<\/ul>\n<\/li>\n<li>Noodt, Gerard (Nijmegen, 4 september 1647 &#8211; Leiden, 15 augustus 1725):\n<ul>\n<li><a href=\"http:\/\/www.dwc.knaw.nl\/pub\/bronnen\/Gerard_Noodt-Jurisconsulti,_Dissertatio_de_religione_ab_imperio_jure_gentium_libera.pdf\" target=\"blank\"><em>Jurisconsulti, Dissertatio de religione ab imperio jure gentium libera, edition Habita in Academia Lugduno-Batava a.d. VI. Id. Febr. A. MDCCVI. C V M abiret Magnifici Rectoris munere <\/em>(1706)<\/a>.<\/li>\n<\/ul>\n<\/li>\n<li>Stevin, Simon (Brugge, 1548 \u2013 Den Haag of Leiden, 1620), gebracht door Ernst Crone, E.J. Dijksterhuis, R.J. Forbes, M.G.J. Minnaert en A. Pannekoek (Amsterdam: Swets &#038; Zeitlinger, 1955-1966):\n<ul>\n<li><a href=\"http:\/\/www.dwc.knaw.nl\/pub\/bronnen\/Simon_Stevin-[I]_The_Principal_Works_of_Simon_Stevin,_Mechanics.pdf\" target=\"blank\">Vol. 1: \u00a0<em>The Principal Works of Simon Stevin, Mechanics<\/em><\/a><\/li>\n<li><a href=\"http:\/\/www.dwc.knaw.nl\/pub\/bronnen\/Simon_Stevin-[II_A]_The_Principal_Works_of_Simon_Stevin,_Mathematics.pdf\" target=\"blank\">Vol. 2a: <em>The Principal Works of Simon Stevin, Mathematics<\/em><\/a><\/li>\n<li><a href=\"http:\/\/www.dwc.knaw.nl\/pub\/bronnen\/Simon_Stevin-[II_B]_The_Principal_Works_of_Simon_Stevin,_Mathematics.pdf\" target=\"blank\">Vol. 2b:<em> The Principal Works of Simon Stevin, Mathematics<\/em><\/a><\/li>\n<li><a href=\"http:\/\/www.dwc.knaw.nl\/pub\/bronnen\/Simon_Stevin-[III]_The_Principal_Works_of_Simon_Stevin,_Astronomy_-_Navigation.pdf\" target=\"blank\">Vol. 3: <em>The Principal Works of Simon Stevin, Astronomy &#8211; Navigation,<\/em><\/a><\/li>\n<li><a href=\"http:\/\/www.dwc.knaw.nl\/pub\/bronnen\/Simon_Stevin-[IV]_The_Principal_Works_of_Simon_Stevin,_The_Art_of_War.pdf\" target=\"blank\">Vol. 4: <em>The Principal Works of Simon Stevin, The Art of War<\/em><\/a><\/li>\n<li><a href=\"http:\/\/www.dwc.knaw.nl\/pub\/bronnen\/Simon_Stevin-[V]_The_Principal_Works_of_Simon_Stevin,_Engineering_-_Music_-_Civic_Life.pdf\" target=\"blank\">Vol. 5: <em>The Principal Works of Simon Stevin, Engineering &#8211; Music &#8211; Civic Life<\/em><\/a><\/li>\n<\/ul>\n<\/li>\n<li>Waals, Johannes Diderik van der:\n<ul>\n<li><a href=\"http:\/\/www.dwc.knaw.nl\/pub\/bronnen\/Johannes_Diderik_van_der_Waals-Onderzoekingen_omtrent_de_overeenstemmende_eigenschappen_der_toestands-vergelijkingen_der_verschillende_stoffen.pdf\" target=\"blank\"><em>Onderzoekingen omtrent de overeenstemmende eigenschappen der toestands-vergelijkingen der verschillende stoffen<\/em><\/a> (1880)<\/li>\n<\/ul>\n<\/li>\n<li>Waals, Johannes Diderik van der, en D.J. Korteweg:<\/li>\n<ul>\n<li><a href=\"http:\/\/www.dwc.knaw.nl\/pub\/bronnen\/Johannes_Diderik_van_der_Waals_&#038;_Korteweg,_D.J.-Algemene_theorie_der_ponderomotorische_krachten_door_D.J._Korteweg.pdf\" target=\"blank\"><em>Algemene theorie der ponderomotorische krachten door D.J. Korteweg<\/em><\/a> (1879)<\/li>\n<\/ul>\n<li>Worm, Ole:\n<ul>\n<li><em><a href=\"http:\/\/www.dwc.knaw.nl\/pub\/bronnen\/Worm_1.pdf\">H.D. Schepelern &#038; Holger Friis Johansen, eds., Breve fra og til Ole Worm (vol. 1). Copenhagen: Murksgaard<\/a><\/em> (1965)<\/li>\n<li><em><a href=\"http:\/\/www.dwc.knaw.nl\/pub\/bronnen\/Worm_2.pdf\" target=\"_blank\">H.D. Schepelern &#038; Holger Friis Johansen, eds., Breve fra og til Ole Worm (vol. 2). Copenhagen: Murksgaard<\/a><\/em> (1967)<\/li>\n<li><em><a href=\"http:\/\/www.dwc.knaw.nl\/pub\/bronnen\/Worm_3.pdf\" target=\"_blank\">H.D. Schepelern &#038; Holger Friis Johansen, eds., Breve fra og til Ole Worm (vol. 3). Copenhagen: Murksgaard<\/a><\/em> (1968)<\/li>\n<\/ul>\n<\/li>\n<\/ul>\n\n<p><strong>Monographs on the history of science in the Netherlands\u00a0<\/strong><\/p>\n\n<ul>\n<li><a href=\"http:\/\/www.dwc.knaw.nl\/pub\/jorink1999.pdf\">Jorink, Eric, <\/a><em><a href=\"http:\/\/www.dwc.knaw.nl\/pub\/jorink1999.pdf\">Wetenschap en Wereldbeeld in de Gouden Eeuw<\/a><\/em><a href=\"http:\/\/www.dwc.knaw.nl\/pub\/jorink1999.pdf\"> (Hilversum: Verloren 1999)<\/a><a href=\"http:\/\/www.dwc.knaw.nl\/wp-content\/pub\/jorink1999.pdf\">.<\/a><\/li>\n<li><a href=\"http:\/\/www.dwc.knaw.nl\/pub\/jorink2008.pdf\">Jorink, Eric,<\/a><em><a href=\"http:\/\/www.dwc.knaw.nl\/pub\/jorink2008.pdf\"> &#8216;Geef zich aan de blinden&#8217;. Constantijn Huygens, Ren\u00e9 Descartes en het Boek der Natuur <\/a><\/em><a href=\"http:\/\/www.dwc.knaw.nl\/pub\/jorink2008.pdf\">(Amst<\/a><a href=\"http:\/\/www.dwc.knaw.nl\/wp-content\/pub\/jorink2008.pdf\">erdam: Primavera 2008).<\/a><\/li>\n<li><a href=\"http:\/\/www.dwc.knaw.nl\/pub\/tjadenmodderman1901.pdf\">R.S. Tjaden Modderman e.a.,\u00a0<em>Het honderdjarig bestaan van het Natuurkundig Genootschap te Groningen, gevierd op 1 en 2 maart 1901<\/em> (Groningen: Gebroeders Hotsema 1901).<\/a><\/li>\n<li><a href=\"http:\/\/www.dwc.knaw.nl\/pub\/1906-De-Waard-Uitvinding-Verrekijkers.pdf\">Waard, C. de, De uitvinding der Verrekijkers. Eene bijdrage tot de beschavingsgeschiedenis (&#8216;s Gravenhage: De Nederlandse boek- en steendrukkerij 1906)<\/a><\/li>\n<li><a href=\"http:\/\/www.dwc.knaw.nl\/pub\/wrangel1901.pdf\">Wrangel, E., <\/a><em><a href=\"http:\/\/www.dwc.knaw.nl\/pub\/wrangel1901.pdf\">De Betrekkingen tusschen Zweden en de Nederlanden op het gebied van letteren en wetenschap, voornamelijk gedurende de zeventiende eeuw<\/a><\/em><a href=\"http:\/\/www.dwc.knaw.nl\/pub\/wrangel1901.pdf\"> (Leiden; Maatschappij der Nederlandsche Letterkunde, 1901)<\/a><\/li>\n<li><a href=\"http:\/\/www.dwc.knaw.nl\/pub\/zv95.pdf\">Zuidervaart, Huib J., <em>Speculatie, Wetenschap en Vernuft, Fysica en astronomie volgens Wytze Foppes Dongjuma (1707-1778), instrumentmaker te Leeuwarden.<\/em> Fryske Histoaryske Rige, nr. XII (Leeuwarden: Fryske Akademy)<\/a><\/li>\n<\/ul>\n\n<p><strong>Miscellaneous publications<\/strong><\/p>\n\n<ul>\n<li><a href=\"http:\/\/www.strw.leidenuniv.nl\/album1908\/\">Album Amicorum voor H.G. van de Sande Bakhuyzen<\/a> (Leiden, 1908)<\/li>\n<li><a href=\"http:\/\/www.dwc.knaw.nl\/pub\/1939-hendrik-engel.pdf\">Engel, Hendrik. <em>Hendrik Engel&#8217;s Alphabetical list of Dutch zoological cabinets and menageries.<\/em> Prep. by Pieter Smit with the assistance of A.P.M. Sanders and J.P.F. van der Veer. Nieuwe Nederlandse bijdragen tot de geschiedenis der geneeskunde en der natuurwetenschappen, No. 19 (Amsterdam: Rodopi, 1986).<\/a><\/li>\n<li><a href=\"http:\/\/www.dwc.knaw.nl\/pub\/zv2010.pdf\">Zuidervaart, Huib,<em>\u00a0Bibliografie\u00a0van contemporaine drukwerken\u00a0met betrekking tot de\u00a0Illustre School te Middelburg\u00a0(1597-1811)<\/em>\u00a0(Leiden: eigen uitgave, 2010).<\/a><\/li>\n<\/ul>\n","protected":false},"excerpt":{"rendered":"<p>This page contains various digitized publications and sources covering the past five centuries. It is made up of: historical publications by predominantlyDutch scientists (both original publications and subsequently edited sources) monographs about the history of science in the Netherlands some other publications All these publications are downloadable as PDF files. We would like to encourage [&hellip;]<\/p>","protected":false},"author":4,"featured_media":0,"parent":2226,"menu_order":6,"comment_status":"open","ping_status":"open","template":"","meta":{"_links_to":"","_links_to_target":""},"_links":{"self":[{"href":"https:\/\/dwc.knaw.nl\/en\/wp-json\/wp\/v2\/pages\/1479"}],"collection":[{"href":"https:\/\/dwc.knaw.nl\/en\/wp-json\/wp\/v2\/pages"}],"about":[{"href":"https:\/\/dwc.knaw.nl\/en\/wp-json\/wp\/v2\/types\/page"}],"author":[{"embeddable":true,"href":"https:\/\/dwc.knaw.nl\/en\/wp-json\/wp\/v2\/users\/4"}],"replies":[{"embeddable":true,"href":"https:\/\/dwc.knaw.nl\/en\/wp-json\/wp\/v2\/comments?post=1479"}],"version-history":[{"count":38,"href":"https:\/\/dwc.knaw.nl\/en\/wp-json\/wp\/v2\/pages\/1479\/revisions"}],"predecessor-version":[{"id":3310,"href":"https:\/\/dwc.knaw.nl\/en\/wp-json\/wp\/v2\/pages\/1479\/revisions\/3310"}],"up":[{"embeddable":true,"href":"https:\/\/dwc.knaw.nl\/en\/wp-json\/wp\/v2\/pages\/2226"}],"wp:attachment":[{"href":"https:\/\/dwc.knaw.nl\/en\/wp-json\/wp\/v2\/media?parent=1479"}],"curies":[{"name":"wp","href":"https:\/\/api.w.org\/{rel}","templated":true}]}}