{"id":2229,"date":"2010-01-11T13:36:36","date_gmt":"2010-01-11T11:36:36","guid":{"rendered":"http:\/\/www.dwc.knaw.nl\/?page_id=12"},"modified":"2014-06-23T13:30:09","modified_gmt":"2014-06-23T11:30:09","slug":"gewina","status":"publish","type":"page","link":"https:\/\/dwc.knaw.nl\/en\/community\/gewina\/","title":{"rendered":"Gewina"},"content":{"rendered":"<p><img loading=\"lazy\" class=\"alignnone size-full wp-image-826\" style=\"margin-top: 3px; margin-bottom: 3px; border: black 1px solid;\" title=\"pict_promotie_gewina\" src=\"http:\/\/www.dwc.knaw.nl\/wp-content\/uploads\/2010\/06\/pict_promotie_gewina.jpg\" alt=\"\" width=\"550\" height=\"200\" \/><\/p>\n\n<p>&#8216;Gewina, Belgisch-Nederlands genootschap voor wetenschaps- en universiteitsgeschiedenis \/ Soci\u00e9t\u00e9 Belgo-N\u00e9erlandaise pour l\u2019histoire des sciences et des universit\u00e9s&#8217; verenigt ongeveer 400 onderzoekers en belangstellenden op het terrein van de wetenschapsgeschiedenis en de universiteitsgeschiedenis, uit Nederland en Belgi\u00eb. Het geeft het tijdschrift Studium uit en organiseert bijeenkomsten voor zowel professionele historische onderzoekers als belangstellenden. In 2013 bestaat het genootschap 100 jaar.<\/p>\n\n<p>Zie voor meer informatie de website van <a href=\"http:\/\/www.gewina.nl\" target=\"_blank\">Gewina<\/a>.<\/p>\n","protected":false},"excerpt":{"rendered":"<p>&#8216;Gewina, Belgisch-Nederlands genootschap voor wetenschaps- en universiteitsgeschiedenis \/ Soci\u00e9t\u00e9 Belgo-N\u00e9erlandaise pour l\u2019histoire des sciences et des universit\u00e9s&#8217; verenigt ongeveer 400 onderzoekers en belangstellenden op het terrein van de wetenschapsgeschiedenis en de universiteitsgeschiedenis, uit Nederland en Belgi\u00eb. Het geeft het tijdschrift Studium uit en organiseert bijeenkomsten voor zowel professionele historische onderzoekers als belangstellenden. In 2013 bestaat [&hellip;]<\/p>","protected":false},"author":4,"featured_media":0,"parent":11355,"menu_order":6,"comment_status":"open","ping_status":"open","template":"","meta":{"_links_to":"","_links_to_target":""},"_links":{"self":[{"href":"https:\/\/dwc.knaw.nl\/en\/wp-json\/wp\/v2\/pages\/2229"}],"collection":[{"href":"https:\/\/dwc.knaw.nl\/en\/wp-json\/wp\/v2\/pages"}],"about":[{"href":"https:\/\/dwc.knaw.nl\/en\/wp-json\/wp\/v2\/types\/page"}],"author":[{"embeddable":true,"href":"https:\/\/dwc.knaw.nl\/en\/wp-json\/wp\/v2\/users\/4"}],"replies":[{"embeddable":true,"href":"https:\/\/dwc.knaw.nl\/en\/wp-json\/wp\/v2\/comments?post=2229"}],"version-history":[{"count":12,"href":"https:\/\/dwc.knaw.nl\/en\/wp-json\/wp\/v2\/pages\/2229\/revisions"}],"predecessor-version":[{"id":4312,"href":"https:\/\/dwc.knaw.nl\/en\/wp-json\/wp\/v2\/pages\/2229\/revisions\/4312"}],"up":[{"embeddable":true,"href":"https:\/\/dwc.knaw.nl\/en\/wp-json\/wp\/v2\/pages\/11355"}],"wp:attachment":[{"href":"https:\/\/dwc.knaw.nl\/en\/wp-json\/wp\/v2\/media?parent=2229"}],"curies":[{"name":"wp","href":"https:\/\/api.w.org\/{rel}","templated":true}]}}