{"id":38,"date":"2010-01-14T14:01:46","date_gmt":"2010-01-14T12:01:46","guid":{"rendered":"http:\/\/www.dwc.knaw.nl\/?page_id=38"},"modified":"2014-06-23T16:25:42","modified_gmt":"2014-06-23T14:25:42","slug":"bibliotheken-en-archieven","status":"publish","type":"page","link":"https:\/\/dwc.knaw.nl\/en\/onderzoek\/bibliotheken-en-archieven\/","title":{"rendered":"Libraries and archives"},"content":{"rendered":"<p><img loading=\"lazy\" class=\"attachment wp-att-672 alignnone\" style=\"border: 1px solid black; margin-top: 3px; margin-bottom: 3px;\" src=\"http:\/\/www.dwc.knaw.nl\/wp-content\/bestanden\/bibl_sgravesande.jpg\" alt=\"bibl_sgravesande\" width=\"550\" height=\"239\" \/><\/p>\n\n<p>Wij werken continu aan het bijhouden van deze lijst. Mocht u desondanks een locatie missen, neem dan vooral contact op.<\/p>\n\n<ul>\n<li>Nederland\n<ul>\n<li><a href=\"#ned-bibl\">Bibliotheken<\/a><\/li>\n<li><a href=\"#ned-arch\">Archieven<\/a><\/li>\n<\/ul>\n<\/li>\n<li><a href=\"#belg\">Belgi\u00eb<\/a><\/li>\n<li><a href=\"#duit\">Duitsland<\/a><\/li>\n<li><a href=\"#gb\">Groot-Brittanni\u00eb<\/a><\/li>\n<li><a href=\"#fran\">Frankrijk<\/a><\/li>\n<li><a href=\"#egyp\">Egypte<\/a><\/li>\n<li><a href=\"#usa\">Verenigde Staten<\/a><\/li>\n<li><a href=\"#online\">Online-bibliotheken en -archieven<\/a><\/li>\n<li><a href=\"#pers\">Persarchieven<\/a><\/li>\n<\/ul>\n\n<hr \/>\n\n<p><strong>Nederland: Bibliotheken<a name=\"ned-bibl\"><\/a><\/strong><\/p>\n\n<ul>\n<ul>\n<li>Bibliotheken van Nederlandse Universiteiten:\n<ul>\n<li><a href=\"http:\/\/opc.uva.nl:8080\/DB=1.1\/START_WELCOME\" target=\"_blank\">Universiteit van Amsterdam<\/a><\/li>\n<li><a href=\"http:\/\/cat.ubvu.vu.nl\/webopac\/Vubis.csp?func=quick-1-check1&#038;mode=simple&#038;find_code_2=WRD&#038;find_request_2=&#038;find_op_1=AND&#038;find_code_3=WRD&#038;find_request_3=&#038;group_number=571&#038;Index1=Keywordsbib&#038;Database=2&#038;Profile=Default&#038;NumberToRetrieve=50&#038;OpacLanguage=dut&#038;SearchMethod=Find_1&#038;PreviousList=Start&#038;PageType=Start&#038;WebPageNr=1&#038;WebAction=NewSearch&#038;StartValue=1&#038;RowRepeat=0&#038;SearchT1=&#038;tabmode=3&#038;srchmode=1&#038;as_sitesearch=www.ubvu.vu.nl&#038;hl=nl&#038;objecttype=page&#038;objectid=1\" target=\"_blank\">Vrije Universiteit Amsterdam<\/a><\/li>\n<li><a href=\"http:\/\/aleph.library.tudelft.nl\/F\/?func=file&#038;file_name=find-b&#038;local_base=tud01\" target=\"_blank\">Technische Universiteit Delft<\/a><\/li>\n<li><a href=\"http:\/\/library.tue.nl\/catalog\/Vubis.csp\" target=\"_blank\">Technische Universiteit Eindhoven<\/a><\/li>\n<li><a href=\"http:\/\/opc4.utsp.utwente.nl\/IMPLAND=Y\/SRT=YOP\/LNG=EN\/\/DB=1\/\" target=\"_blank\">Universiteit Twente, Enschede<\/a><\/li>\n<li><a href=\"http:\/\/opc.ub.rug.nl\/IMPLAND=Y\/SRT=YOP\/LNG=NE\/DB=1\/\" target=\"_blank\">Rijksuniversiteit Groningen<\/a><\/li>\n<li><a href=\"http:\/\/www.bibliotheek.leidenuniv.nl\/\" target=\"_blank\">Universiteit Leiden<\/a><\/li>\n<li><a href=\"http:\/\/www.unimaas.nl\/default.asp?template=portal_ub_new_nl.htm&#038;id=BR3ME17V0PW523A24OV2&#038;taal=nl\" target=\"_blank\">Universiteit Maastricht<\/a><\/li>\n<li><a href=\"http:\/\/www.ru.nl\/ubn\/\" target=\"_blank\">Radboud Universiteit Nijmegen<\/a><\/li>\n<li><a href=\"http:\/\/www.eur.nl\/ub\/\" target=\"_blank\">Erasmus Universiteit Rotterdam<\/a><\/li>\n<li><a href=\"http:\/\/dbiref.uvt.nl\/iPort\" target=\"_blank\">Universiteit van Tilburg<\/a><\/li>\n<li><a href=\"http:\/\/www.uu.nl\/NL\/Bibliotheek\/Pages\/default.aspx\" target=\"_blank\">Universiteit Utrecht<\/a><\/li>\n<li><a href=\"http:\/\/library.wur.nl\/\" target=\"_blank\">Landbouwuniversiteit Wageningen<\/a><\/li>\n<\/ul>\n<\/li>\n<\/ul>\n<\/ul>\n\n<div class=\"c3\">\n<ul>\n<li><a href=\"http:\/\/www.konbib.nl\/\" target=\"blank\">Koninklijke Bibliotheek, Den Haag<\/a><\/li>\n<\/ul>\n<\/div>\n\n<ul>\n<ul>\n<li><a href=\"http:\/\/www.tresoar.nl\" target=\"_blank\">Tresoar<\/a> (vh. Provinciale Bibliotheek van Friesland)<\/li>\n<\/ul>\n<\/ul>\n\n<div class=\"c3\">\n<ul>\n<li><a href=\"http:\/\/picarta.pica.nl\/LNG=NE\/DB=2.4\/\" target=\"blank\">Nederlandse Centrale Catalogus (NCC)<\/a><\/li>\n<li><a href=\"http:\/\/www.pica.nl\/cgi-bin\/nph-wwwobnmenu?PAGE=OBNALLFILES&#038;LANG=NE&#038;EXT=ON\" target=\"blank\"> Pica Open Bibliotheek Netwerk &#8211; Alfabetische lijst van alle bestanden<\/a><\/li>\n<\/ul>\n<p>Met onder meer de <em>Catalogus Epistularum Neerlandicarum<\/em><\/p>\n<\/div>\n\n<h3><a name=\"ned-arch\"><\/a><strong>Nederland: Archieven<\/strong><\/h3>\n\n<p>Zoeken in inventarissen (de start van ieder archiefonderzoek): <strong>Zie <a href=\"http:\/\/www2.archieven.nl\" target=\"_blank\">archieven.nl<\/a><\/strong> <strong>Websites: <\/strong><\/p>\n\n<ul>\n<li><a href=\"http:\/\/www.nationaalarchief.nl\">Nationaal Archief<\/a><\/li>\n<li><a href=\"http:\/\/www.tresoar.nl\" target=\"_blank\">Tresoar<\/a> (v\/h Rijksarchief van Friesland)<\/li>\n<li><a href=\"http:\/\/www.groningerarchieven.nl\" target=\"_blank\">Groninger Archief<\/a><\/li>\n<li><a href=\"http:\/\/www.drentsarchief.org\/\" target=\"_blank\">Drents Archief<\/a><\/li>\n<li><a href=\"http:\/\/www.historischcentrumoverijssel.nl\">Historisch Centrum Overijssel<\/a><\/li>\n<li><a href=\"http:\/\/www.geldersarchief.nl\" target=\"_blank\">Gelders Archief<\/a><\/li>\n<li><a href=\"http:\/\/www.hetutrechtsarchief.nl\" target=\"_blank\">Utrechts Archief<\/a><\/li>\n<li><a href=\"http:\/\/www.noordhollandsarchief.org\" target=\"_blank\">Noord-Hollands Archief<\/a><\/li>\n<li><a href=\"http:\/\/www.bhic.nl\" target=\"_blank\">Brabants Historisch Informatie Centrum (BHIC)<\/a><\/li>\n<li><a href=\"http:\/\/www.rhcl.nl\" target=\"_blank\">Regionaal Historisch Centrum Limburg<\/a> (v\/h Rijksarchief Limburgs Archief)<\/li>\n<li><a href=\"http:\/\/www.zeeuwsarchief.nl\" target=\"_blank\">Zeeuws Archief<\/a><\/li>\n<li><a href=\"http:\/\/stadsarchief.amsterdam.nl\/\" target=\"_blank\">Stadsarchief Amsterdam<\/a><\/li>\n<li><a href=\"http:\/\/www.gemeentearchief.rotterdam.nl\" target=\"_blank\">Gemeentearchief Rotterdam<\/a><\/li>\n<li><a href=\"http:\/\/www.archief.delft.nl\" target=\"_blank\">Gemeentearchief Delft<\/a><\/li>\n<li><a href=\"http:\/\/www.leidenarchief.nl\" target=\"_blank\">Regionaal archief Leiden<\/a><\/li>\n<li><a href=\"http:\/\/www.westfriesarchief.nl\" target=\"_blank\">Westfries Archief<\/a><\/li>\n<\/ul>\n\n<h3><strong>Belgi\u00eb<\/strong><a name=\"belg\"><\/a><\/h3>\n\n<ul>\n<li><a href=\"http:\/\/www.kbr.be\/accueil_nl.html\" target=\"_blank\">Koninklijke Bibliotheek van Belgi\u00eb<\/a><!--[if gte mso 9]><xml> <w:WordDocument> <w:View>Normal<\/w:View> <w:Zoom>0<\/w:Zoom> <w:HyphenationZone>21<\/w:HyphenationZone> <w:PunctuationKerning \/> <w:ValidateAgainstSchemas \/> <w:SaveIfXMLInvalid>false<\/w:SaveIfXMLInvalid> <w:IgnoreMixedContent>false<\/w:IgnoreMixedContent> <w:AlwaysShowPlaceholderText>false<\/w:AlwaysShowPlaceholderText> <w:Compatibility> <w:BreakWrappedTables \/> <w:SnapToGridInCell \/> <w:WrapTextWithPunct \/> <w:UseAsianBreakRules \/> <w:DontGrowAutofit \/> <\/w:Compatibility> <w:BrowserLevel>MicrosoftInternetExplorer4<\/w:BrowserLevel> <\/w:WordDocument> <\/xml><![endif]--><!--[if gte mso 9]><xml> <w:LatentStyles DefLockedState=\"false\" LatentStyleCount=\"156\"> <\/w:LatentStyles> <\/xml><![endif]--><!--  \/* Style Definitions *\/  p.MsoNormal, li.MsoNormal, div.MsoNormal   {mso-style-parent:\"\";   margin:0cm;     margin-bottom:.0001pt;  mso-pagination:widow-orphan;    font-size:12.0pt;   font-family:\"Times New Roman\";  mso-fareast-font-family:\"Times New Roman\";} @page Section1  {size:612.0pt 792.0pt;  margin:70.85pt 70.85pt 70.85pt 70.85pt;     mso-header-margin:35.4pt;   mso-footer-margin:35.4pt;   mso-paper-source:0;} div.Section1   {page:Section1;} -->, Brussel\n<ul>\n<li><a href=\"http:\/\/belgica.kbr.be\/nl\/accueil_nl.html\" target=\"_blank\">Digitale Bibliotheek van de Koninklijke Bibliotheek<\/a>, Brussel<\/li>\n<\/ul>\n<\/li>\n<li><a href=\"http:\/\/arch.arch.be\/index.php?lang=nl_BE\" target=\"_blank\">Rijksarchief in Belgi\u00eb<\/a>, Brussel<\/li>\n<\/ul>\n\n<h3><strong>Duitsland<\/strong><a name=\"duit\"><\/a><\/h3>\n\n<div class=\"c3\">\n<ul>\n<li><a href=\"http:\/\/staatsbibliothek-berlin.de\/\" target=\"_blank\">Staatsbibliothek zu Berlin<\/a><\/li>\n<li><a href=\"http:\/\/www.ub.fu-berlin.de\/\" target=\"_blank\">Bibliothek der Freien Universit\u00e4t Berlin<\/a><\/li>\n<li><a href=\"http:\/\/www.sub.uni-goettingen.de\/\" target=\"blank\">Nieders\u00e4chsische Staats- und Universit\u00e4tsbibliothek G\u00f6ttingen<\/a><\/li>\n<li><a href=\"http:\/\/www.sbb.spk-berlin.de\/deutsch\/abteilungen\/handschriftenabteilung\/aufgaben.html#autographen\" target=\"blank\">Zentralkartei der Autographen (Berlin)<\/a><br \/>\n<div class=\"c3\">Centraal archief van vindplaatsen van manuscripten in Duitsland<\/div>\n<\/li>\n<li><a href=\"http:\/\/www.deutsches-museum.de\/bib\/archiv\/archiv.htm\" target=\"blank\">Deutsches Museum &#8211; Archiv, M\u00fcnchen<\/a><\/li>\n<li><a href=\"http:\/\/ww<br ><\/a> w.ub.uni-heidelberg.de\/&#8221; target=&#8221;_blank&#8221;>Universit\u00e4tsbibliothek Heidelberg<\/a><\/li>\n<li>Herzog August Bibliothek, Wolfenb\u00fcttel:<\/li>\n<li><a href=\"http:\/\/www.hab.de\/forschung\/projekte\/incunabula.htm\" target=\"_blank\">Verteilte Digitale Inkunabelbibliothek<\/a><\/li>\n<li><a href=\"http:\/\/www.hab.de\/forschung\/projekte\/leibnizressourcen.htm\" target=\"_blank\">Digitalisierung naturwissenschaftlicher, technischer und medizinischer Texte der Leibniz-Zeit<\/a><\/li>\n<\/ul>\n<\/div>\n\n<h3><strong>Frankrijk<\/strong><a name=\"fran\"><\/a><\/h3>\n\n<ul>\n<li><a href=\"http:\/\/www.bnf.fr\" target=\"_blank\">Biblioth\u00e8que nationale de France<\/a> (BnF)<\/li>\n<li><a href=\"http:\/\/www.archivesnationales.culture.gouv.fr\" target=\"_blank\">Archives Nationales de France<\/a><\/li>\n<li><a href=\"http:\/\/www.netvibes.com\/capheliens#Accueil\" target=\"_blank\">CAPHElienS &#8211; Histoire et philosophie des sciences en ligne<\/a><\/li>\n<\/ul>\n\n<h3><strong>Groot-Brittanni\u00eb<\/strong><a name=\"gb\"><\/a><\/h3>\n\n<div class=\"c3\">\n<ul>\n<li><a href=\"http:\/\/www.bl.uk\" target=\"_blank\">British Library<\/a>, London<\/li>\n<li><a href=\"http:\/\/www.lib.cam.ac.uk\" target=\"blank\">Cambridge University Library, UK<\/a><\/li>\n<li><a href=\"http:\/\/www.bath.ac.uk\/ncuacs\/case.htm\" target=\"blank\">Cooperation on Archives of Science in Europe (CASE)<\/a><\/li>\n<li><a href=\"http:\/\/www.rcpe.ac.uk\/library\/find\/index.php\">Royal College of Physicians of Edinburgh Online Archive Catalogue<\/a><\/li>\n<\/ul>\n<\/div>\n\n<h3><strong>Egypte<\/strong><a name=\"egyp\"><\/a><\/h3>\n\n<div class=\"c3\">\n<ul>\n<li><a href=\"http:\/\/www.bibalex.gov.eg\" target=\"blank\">Bibliotheca Alexandrina, Egypte<\/a><\/li>\n<\/ul>\n<\/div>\n\n<h3><strong>Verenigde Staten<\/strong><a name=\"usa\"><\/a><\/h3>\n\n<div class=\"c3\">\n<ul>\n<li><a href=\"http:\/\/www.huntington.org\/ResearchDiv\/SciRes.html\" target=\"blank\">Huntington Library, San Marino, CA<\/a><\/li>\n<li><a href=\"http:\/\/www.caltech.edu\/archives\/\" target=\"blank\">Caltech Archives<\/a><\/li>\n<\/ul>\n<p>Archief van het California Institute of Technology in Pasadena. Met een uitgebreide zoekfunctie voor manuscripten en foto&#8217;s<\/p>\n<ul>\n<li><a href=\"http:\/\/hul.harvard.edu\/huarc\/\" target=\"_blank\">Harvard University Archives<\/a><\/li>\n<li><a href=\"http:\/\/lcweb.loc.gov\/\" target=\"blank\">Library of Congress, Washington DC<\/a><\/li>\n<li><a href=\"http:\/\/www.aip.org\/history\/nblbro.htm\" target=\"blank\">American Institute of Physics: Niels Bohr Library, Maryland<\/a><\/li>\n<\/ul>\n<p>Houdt zich bezig met inventariseren en vooral conserveren van boeken, manuscripten, foto&#8217;s en interviewopnames (de zgn. &#8220;oral interviews&#8221;) met betrekking tot de geschiedenis van de moderne fysica. Hebben ook beurzen hiervoor beschikbaar<\/p>\n<ul>\n<li><a href=\"http:\/\/libserv.aip.org\/webpac-bin\/wgbroker?new+-access+top.icos\" target=\"blank\">International Catalog Of Sources (ICOS)<\/a><\/li>\n<\/ul>\n<p>Centraal archief van vindplaatsen van manuscripten over de hele wereld, maar vooral in de VS, en vooral moderne fysica. Van de Niels Bohr Library<\/p>\n<ul>\n<li><a href=\"http:\/\/www.si.edu\/archives\" target=\"blank\">Smithsonian Institution Archives, Washington DC<\/a><\/li>\n<li><a href=\"http:\/\/www.sil.si.edu\/libraries\/Dibner\/index.cfm\" target=\"_blank\">Dibner Library of the History of Science and Technology (Smithsonian)<\/a><\/li>\n<li><a href=\"http:\/\/libraries.ou.edu\/eresources\/guides\/?id=25\">University of Oklahoma, History of Science Library Collection<\/a><\/li>\n<\/ul>\n<\/div>\n\n<h3><strong>Online bibliotheken en archieven<\/strong><a name=\"online\"><\/a><\/h3>\n\n<ul>\n<li><a href=\"http:\/\/www.google.com\/books\" target=\"_blank\">Google books<\/a> en <a href=\"http:\/\/scholar.google.com\/schhp\" target=\"_blank\">Google scholar<\/a> bevatten een groot aantal wetenschappelijke werken, afkomstig uit Amerikaanse universiteitsbibliotheken en ingescand door Google. Helaas zijn veel werken buiten het Noord-Amerikaanse continent maar gedeeltelijk of niet beschikbaar.<\/li>\n<li><a href=\"http:\/\/www.archive.org\/index.php\" target=\"_blank\">The Internet Archive<\/a> (Archive.org) bevat naast het integrale internet-archief (the &#8216;<a href=\"http:\/\/www.archive.org\/web\/web.php\" target=\"_blank\">Waybackmachine<\/a>&#8216;) een groot aantal andere media, waaronder klassieke films en (vooral Amerikaanse) <a href=\"http:\/\/www.archive.org\/details\/texts\" target=\"_blank\">wetenschappelijke literatuur<\/a>. De hoeveelheid materiaal is kleiner dan die op Google Books, maar alles is wel vanaf deze kant van de Grote Plas beschikbaar. Gebruikers worden aangemoedigd om<a href=\"http:\/\/www.archive.org\/create\/\" target=\"_blank\"> zelf bij te dragen<\/a>.<\/li>\n<li><a href=\"http:\/\/www.gutenberg.org\/wiki\/Main_Page\" target=\"_blank\">Project Gutenberg<\/a> is gewijd aan het online beschikbaar maken van auteursrechtvrije teksten, waaronder historische en wetenschappelijke. Teksten zijn niet als scan\/facsimile, maar als tekstbestand beschikbaar, raadpleegbaar en downloadbaar. Gebruikers worden aangemoedigd om zelf bij te dragen.<\/li>\n<li>De <a href=\"http:\/\/ouhos.org\/2010\/06\/19\/digitized-books\/\" target=\"_blank\">Freeman Library van de University of Oklahoma<\/a> heeft een groot aantal historische wetenschappelijke werken gedigitaliseerd, waaronder titels van Darwin (veel), Galileo, Vesalius en Aristoteles.<\/li>\n<\/ul>\n\n<h3>Persarchieven (gratis toegankelijk tenzij vermeld)<\/h3>\n\n<p><a name=\"pers\"><\/a><\/p>\n\n<ul>\n<li>Algemeen\n<ul>\n<li><a href=\"http:\/\/kranten-historisch.startpagina.nl\/\" target=\"_blank\">Startpagina.nl: historische kranten<\/a> &#8211; Zeer uitgebreide verzameling.<\/li>\n<li><a href=\"http:\/\/www.ibiblio.org\/slanews\/internet\/intarchives.htm\" target=\"_blank\">International News Archives on the Web<\/a> &#8211; Uitgebreide lijst, maar allesbehalve compleet.<\/li>\n<\/ul>\n<\/li>\n<li>Nederland\n<ul>\n<li><a href=\"http:\/\/kranten.kb.nl\/\" target=\"_blank\">Online krantenarchief van de Koninklijke Bibliotheek<\/a><\/li>\n<li><a href=\"http:\/\/www.archiefleeuwardercourant.nl\/index.do\" target=\"_blank\">De krant van toen (Leeuwarder Courant (sinds 1752), Dagblad van het Noorden en meer)<\/a><\/li>\n<li><a href=\"http:\/\/zyarchive.groene.nl\/Exe\/ZyNET.exe?User=anonymous&#038;Password=anonymous&#038;Client=De+Groene+Amsterdammer&#038;SearchBack=ZyActionL&#038;SortMethod=h&#038;SortMethod=-&#038;MaximumDocuments=10&#038;Display=hpfr&#038;ImageQuality=r65g4\/r65g4\/x150y150g16\/i360&#038;DefSeekPage=f&#038;ZyAction=&#038;Toc=&#038;TocEntry=&#038;QField=&#038;QFieldYear=&#038;QFieldMonth=&#038;QFieldDay=&#038;UseQField=&#038;File=&#038;SeekPage=&#038;Back=ZyActionL&#038;BackDesc=Contents+page&#038;MaximumPages=1&#038;ZyEntry=0&#038;TocRestrict=n&#038;SearchMethod=2&#038;Time=&#038;Index=Hele+Paginas&#038;Client=De+Groene+Amsterdammer&#038;Init=1&#038;User=anonymous&#038;Password=anonymous&#038;ZyActionL=Druk+hier\" target=\"_blank\">De Groene Amsterdammer<\/a><\/li>\n<\/ul>\n<\/li>\n<li>Belgi\u00eb\n<ul>\n<li><a href=\"http:\/\/www.kbr.be\/collections\/journaux\/liens_nl.html\" target=\"_blank\">Koninklijke Bibliotheek van Belgi\u00eb: Kranten<\/a><\/li>\n<\/ul>\n<\/li>\n<li>Frankrijk\n<ul>\n<li>G<a href=\"http:\/\/gallica.bnf.fr\/\" target=\"_blank\">allica, online archief van de Biblioth\u00e8que Nationale Fran\u00e7aise<\/a> &#8211; boeken, tijdschriften en kranten.<\/li>\n<\/ul>\n<\/li>\n<li>Groot-Brittanni\u00eb\n<ul>\n<li><a href=\"http:\/\/gale.cengage.co.uk\/product-highlights\/history\/illustrated-london-news.aspx\" target=\"_blank\">Illustrated London News<\/a><\/li>\n<\/ul>\n<\/li>\n<li>Spanje\n<ul>\n<li><a href=\"http:\/\/hemerotecadigital.bne.es\/cgi-bin\/Pandora \" target=\"_blank\">Nationale Bibliotheek van Spanje<\/a>, voor onder andere:\n<ul>\n<li>El Imparcial (liberaal, cult. elite)<\/li>\n<li>Heraldo de Madrid (liberaal, antiklerikaal)<\/li>\n<li>La Epoca (conservatief)<\/li>\n<li>El Siglo Futuro (reactionair katholiek\/carlistisch)<\/li>\n<\/ul>\n<\/li>\n<li><a href=\"http:\/\/www.lavanguardia.es\/hemeroteca\" target=\"_blank\">La Vanguardia (liberaal uit Barcelona)<\/a><\/li>\n<li><a href=\"http:\/\/hemeroteca.abc.es\/\" target=\"_blank\">ABC (monarchistisch) <\/a><\/li>\n<\/ul>\n<\/li>\n<\/ul>\n","protected":false},"excerpt":{"rendered":"<p>Wij werken continu aan het bijhouden van deze lijst. Mocht u desondanks een locatie missen, neem dan vooral contact op. Nederland Bibliotheken Archieven Belgi\u00eb Duitsland Groot-Brittanni\u00eb Frankrijk Egypte Verenigde Staten Online-bibliotheken en -archieven Persarchieven Nederland: Bibliotheken Bibliotheken van Nederlandse Universiteiten: Universiteit van Amsterdam Vrije Universiteit Amsterdam Technische Universiteit Delft Technische Universiteit Eindhoven Universiteit Twente, Enschede [&hellip;]<\/p>","protected":false},"author":4,"featured_media":0,"parent":2227,"menu_order":2,"comment_status":"open","ping_status":"open","template":"","meta":{"_links_to":"","_links_to_target":""},"_links":{"self":[{"href":"https:\/\/dwc.knaw.nl\/en\/wp-json\/wp\/v2\/pages\/38"}],"collection":[{"href":"https:\/\/dwc.knaw.nl\/en\/wp-json\/wp\/v2\/pages"}],"about":[{"href":"https:\/\/dwc.knaw.nl\/en\/wp-json\/wp\/v2\/types\/page"}],"author":[{"embeddable":true,"href":"https:\/\/dwc.knaw.nl\/en\/wp-json\/wp\/v2\/users\/4"}],"replies":[{"embeddable":true,"href":"https:\/\/dwc.knaw.nl\/en\/wp-json\/wp\/v2\/comments?post=38"}],"version-history":[{"count":12,"href":"https:\/\/dwc.knaw.nl\/en\/wp-json\/wp\/v2\/pages\/38\/revisions"}],"predecessor-version":[{"id":2533,"href":"https:\/\/dwc.knaw.nl\/en\/wp-json\/wp\/v2\/pages\/38\/revisions\/2533"}],"up":[{"embeddable":true,"href":"https:\/\/dwc.knaw.nl\/en\/wp-json\/wp\/v2\/pages\/2227"}],"wp:attachment":[{"href":"https:\/\/dwc.knaw.nl\/en\/wp-json\/wp\/v2\/media?parent=38"}],"curies":[{"name":"wp","href":"https:\/\/api.w.org\/{rel}","templated":true}]}}