{"id":70,"date":"2010-01-18T12:23:00","date_gmt":"2010-01-18T12:23:00","guid":{"rendered":"http:\/\/www.dwc.knaw.nl\/?page_id=70"},"modified":"2012-02-15T13:03:56","modified_gmt":"2012-02-15T13:03:56","slug":"huygens-bibliografie","status":"publish","type":"page","link":"https:\/\/dwc.knaw.nl\/en\/biografie\/christiaan-huygensweb\/huygens-bibliografie\/","title":{"rendered":"Huygens bibliography"},"content":{"rendered":"<ul>\n    <li>a biography \u2013 in Latin \u2013 was published in Huygens <em>Opera varia<\/em> (1724).<\/li>\n    <li>Biografische lemma in <a href=\"http:\/\/daten.digitale-sammlungen.de\/~zend-bsb\/wasserzeichen-projekte.php?seite=00576&#038;id=00000375&#038;webrumpf=\/sub\/db\/public_html&#038;bibl=bsb\" target=\"_blank\">Johann Heinrich Zedler&#8217;s <em>Grosses vollst\u00e4ndiges Universal-Lexicon aller Wissenschaften und K\u00fcnste<\/em> (Leipzig\/Halle, 1739), vol. 13, col. 1109<\/a>.<\/li>\n    <li>M. Lemans, <em>Levensbeschrijving  van Christiaan Huygens, in eene redevoering, uitgesproken in het  letteroefenend genootschap Tot Nut en Beschaving, den 16den van  Lentemaand 1820 <\/em>(s.n., s.l., [1820]).<\/li>\n    <li>Fran\u00e7ois Arago, \u201cHuygens\u201d, in: <em>Biographies des principaux astronomes<\/em>, een ongepubliceerd werk uitgegeven door <a href=\"http:\/\/gallica.bnf.fr\/ark:\/12148\/bpt6k92709b\" target=\"_blank\">J.-A. Barral (ed.), <em>Oeuvres compl\u00e8tes de Fran\u00e7ois Arago, secr\u00e9taire perp\u00e9tuel de l\u2019acad\u00e9mie des sciences<\/em> (Gide &amp; Baudry\/T.O. Weigel, Parijs\/Leipzig, 1855), vol. 3<\/a>, pp. 319-322.<\/li>\n    <li>Pieter Harting, <em>Christiaan Huygens in zijn leven en werken geschetst<\/em> (Gebroeders Hoitsema, Groningen, 1868).<\/li>\n    <li>Biografische lemma door <a href=\"http:\/\/www.deutsche-biographie.de\/sfz98900.html\" target=\"_blank\">Max Cantor in de <em>Allgemeine Deutsche Biographie<\/em>, vol. 13, pp. 480-486<\/a> (1881).<\/li>\n    <li><a href=\"http:\/\/adsbit.harvard.edu\/cgi-bin\/nph-iarticle_query?bibcode=1927PASP...39..354M&amp;db_key=AST&amp;page_ind=0&amp;plate_select=NO&amp;data_type=GIF&amp;type=SCREEN_GIF\" target=\"_blank\">Carlos S. Mundt, \u201cNotable Astronomers of Past Ages: VI \u2013 Huyghens\u201d,<em> Publications of the Astronomical Society of the Pacific<\/em>, 39 (1927), 354-356<\/a>.<\/li>\n    <li>H.L. Brugmans, <em>Le  s\u00e9jour de Christian Huygens \u00e0 Paris et ses relations avec les milieux  scientifiques fran\u00e7ais: Suivi de son journal de voyage \u00e0 Paris et \u00e0  Londres<\/em> (Librairie E. Droz, Parijs, 1935).<\/li>\n    <li>Annie Romein-Verschoor, \u201cChristiaan Huygens 1629-1695: Ontdekker der waarschijnlijkheid\u201d, in: <em>Erflaters van onze beschaving<\/em> (Querido, Amsterdam, 1938).<\/li>\n    <li>A.E. Bell, <em>Christian Huygens and the Development of Science in the Seventeenth Century<\/em> (Edward Arnold &amp; Co.\/Longmans, Londen\/New York, 1947).<\/li>\n    <li>J.A. Vollgraff, \u201cBiographie de Christiaan Huygens\u201d, in: <a href=\"http:\/\/gallica.bnf.fr\/ark:\/12148\/bpt6k778725\" target=\"_blank\"><em>Oeuvres compl\u00e8tes de Christiaan Huygens publi\u00e9es par la Soci\u00e9t\u00e9 Hollandaise des Sciences<\/em><\/a> (Martinus Nijhoff, Den Haag, 1950), vol. XXII, pp. 383-778.<\/li>\n    <li>Dionysius Burger, <em>Christiaan Huygens<\/em> (Stichting IVIO, Amsterdam, 1956 [= AO-Reeks, nr. 641]).<\/li>\n    <li>U.I. Frankfurt &amp; A.M. Frenk, <em>Khristian Gyuigens 1629-1695<\/em> (Izdatelstvo Akademii Nauk SSSR, Moskou, 1962).\n<ul>\n    <li>Franse vertaling door I. Sokolev: <em>Christiaan Huygens <\/em>(Editions Mir, Moskou\/Parijs, 1976)<\/li>\n<\/ul>\n<\/li>\n    <li>Henk J.M. Bos, \u201cChristiaan Huygens\u201d, in: C.C. Gillispie (ed.), <em>Dictionary of Scientific Biography<\/em> (Charles Scribner\u2019s &amp; Sons, New York, 1972), vol. 6, pp. 597-613.\n<ul>\n    <li>Nederlandse vertaling in: <em>De Gids<\/em>, 142 (1979), 306-319.<\/li>\n<\/ul>\n<\/li>\n    <li>A. Elzinga, <em>Notes on the Life and Works of Christiaan Huygens (1629-1695)<\/em> (Department of Theory of Science, University of G\u00f6teborg, 1976 [= G\u00f6teborg University Reports, nr. 88]).<\/li>\n    <li>A.J. Kox &amp; P.H. Polak, \u201cChristiaan Huygens (1629-1695): Door ervaring en rede\u201d, in: A.J. Kox &amp; M. Chamalaun (eds.), <em>Van Stevin tot Lorentz: Portretten van Nederlandse natuurwetenschappers<\/em> (Intermediair Bibliotheek, Amsterdam, 1980), pp. 21-33.<\/li>\n    <li>Elizabeth Keesing, <em>Constantijn en Christiaan: Verhaal van een vriendschap<\/em> (Em. Querido\u2019s Uitgeverij, Amsterdam, 1983).<\/li>\n    <li>A. D\u2019Elia, <em>Christiaan Huygens: Una biografia intellettuale<\/em> (Franco Angeli Libri, Milaan, 1985 [= <em>Filosofia e scienza nel Cinquecento e nel Seicento<\/em>, Serie I, nr. 27]).<\/li>\n    <li>P. Costabel &amp; M. Martinet, <em>Quelques savants et amateurs de science au XVIIe si\u00e8cle: Sept notices bio-bibliographiques caract\u00e9ristiques<\/em> (Soci\u00e9t\u00e9 d\u2019Histoire des Sciences et des Techniques, Parijs, 1986 [= <em>Cahiers d\u2019histoire et de philosophie des sciences<\/em>, n.s., nr. 14]).<\/li>\n    <li>Cees D. Andriesse, <em><a href=\"http:\/\/www.dbnl.org\/auteurs\/auteur.php?id=andr035\" target=\"_blank\">Titan kan niet slapen<\/a>: Een biografie van Christiaan Huygens<\/em> (Uitgeverij Contact, Amsterdam, 1993); 2de ed. 1994.\n<ul>\n    <li>Franse vertaling door Danielle Losman: <em>Christian Huyghens<\/em> (\u00c9ditions Albin Michel, Parijs, 1998).<\/li>\n    <li>Engelse vertaling door Sally Miedema: <em>Titan: Biography of Christiaan Huygens<\/em> (Universiteit Utrecht, Utrecht, 2003).<\/li>\n<\/ul>\n<\/li>\n    <li>Henk J.M. Bos, \u201cChristiaan Huygens\u201d&#8217;, in: E. Pauly (ed.), <em>C\u00e9l\u00e9brations nationales 1995<\/em> (Direction des archives de France, Parijs, 1995), pp. 18-21.<\/li>\n    <li>Rienk H. Vermij,<em> Christiaan Huygens: De mathematisering van de werkelijkheid <\/em>(Veen Magazines, Diemen, 2004 [= <em>Wetenschappelijke Biografie\u00ebn van Natuurwetenschap en Techniek<\/em>, nr. 7]).<\/li>\n<\/ul>\n","protected":false},"excerpt":{"rendered":"<p>a biography \u2013 in Latin \u2013 was published in Huygens Opera varia (1724). Biografische lemma in Johann Heinrich Zedler&#8217;s Grosses vollst\u00e4ndiges Universal-Lexicon aller Wissenschaften und K\u00fcnste (Leipzig\/Halle, 1739), vol. 13, col. 1109. M. Lemans, Levensbeschrijving van Christiaan Huygens, in eene redevoering, uitgesproken in het letteroefenend genootschap Tot Nut en Beschaving, den 16den van Lentemaand 1820 [&hellip;]<\/p>","protected":false},"author":4,"featured_media":0,"parent":58,"menu_order":5,"comment_status":"open","ping_status":"open","template":"","meta":{"_links_to":"","_links_to_target":""},"_links":{"self":[{"href":"https:\/\/dwc.knaw.nl\/en\/wp-json\/wp\/v2\/pages\/70"}],"collection":[{"href":"https:\/\/dwc.knaw.nl\/en\/wp-json\/wp\/v2\/pages"}],"about":[{"href":"https:\/\/dwc.knaw.nl\/en\/wp-json\/wp\/v2\/types\/page"}],"author":[{"embeddable":true,"href":"https:\/\/dwc.knaw.nl\/en\/wp-json\/wp\/v2\/users\/4"}],"replies":[{"embeddable":true,"href":"https:\/\/dwc.knaw.nl\/en\/wp-json\/wp\/v2\/comments?post=70"}],"version-history":[{"count":15,"href":"https:\/\/dwc.knaw.nl\/en\/wp-json\/wp\/v2\/pages\/70\/revisions"}],"predecessor-version":[{"id":2472,"href":"https:\/\/dwc.knaw.nl\/en\/wp-json\/wp\/v2\/pages\/70\/revisions\/2472"}],"up":[{"embeddable":true,"href":"https:\/\/dwc.knaw.nl\/en\/wp-json\/wp\/v2\/pages\/58"}],"wp:attachment":[{"href":"https:\/\/dwc.knaw.nl\/en\/wp-json\/wp\/v2\/media?parent=70"}],"curies":[{"name":"wp","href":"https:\/\/api.w.org\/{rel}","templated":true}]}}